{"id":81,"date":"2024-11-08T20:32:16","date_gmt":"2024-11-08T20:32:16","guid":{"rendered":"https:\/\/dabrowiecki-nieruchomosci.pl\/?page_id=81"},"modified":"2024-11-15T21:44:09","modified_gmt":"2024-11-15T20:44:09","slug":"zglos-oferte","status":"publish","type":"page","link":"https:\/\/dabrowiecki-nieruchomosci.pl\/?page_id=81","title":{"rendered":"Zg\u0142o\u015b Ofert\u0119"},"content":{"rendered":"<div id=\"pl-gb81-69e468bc19aeb\"  class=\"panel-layout\" ><div id=\"pg-gb81-69e468bc19aeb-0\"  class=\"panel-grid panel-no-style\" ><div id=\"pgc-gb81-69e468bc19aeb-0-0\"  class=\"panel-grid-cell\" ><div id=\"panel-gb81-69e468bc19aeb-0-0-0\" class=\"widget_text so-panel widget widget_custom_html panel-first-child panel-last-child\" data-index=\"0\" ><div class=\"textwidget custom-html-widget\"><center><div class=\"responsive-tabs\">\n<h2 class=\"tabtitle\">Chc\u0119 sprzeda\u0107\/wynaj\u0105\u0107 nieruchomo\u015b\u0107<\/h2>\n<div class=\"tabcontent\">\n\n\n<div align=left>\n<style id=\"wpforms-css-vars-214\">\n\t\t\t\t#wpforms-214 {\n\t\t\t\t\n\t\t\t}\n\t\t\t<\/style><div class=\"wpforms-container wpforms-container-full wpforms-render-modern\" id=\"wpforms-214\"><form id=\"wpforms-form-214\" class=\"wpforms-validate wpforms-form wpforms-ajax-form\" data-formid=\"214\" method=\"post\" enctype=\"multipart\/form-data\" action=\"\/index.php?rest_route=%2Fwp%2Fv2%2Fpages%2F81\" data-token=\"51ab5896d1117602d55b1a5f2a776249\" data-token-time=\"1776576700\"><noscript class=\"wpforms-error-noscript\">Aby wype\u0142ni\u0107 ten formularz, w\u0142\u0105cz obs\u0142ug\u0119 JavaScript w przegl\u0105darce.<\/noscript><div id=\"wpforms-error-noscript\" style=\"display: none;\">Aby wype\u0142ni\u0107 ten formularz, w\u0142\u0105cz obs\u0142ug\u0119 JavaScript w przegl\u0105darce.<\/div><div class=\"wpforms-field-container\">\t\t<div id=\"wpforms-214-field_3-container\"\n\t\t\tclass=\"wpforms-field wpforms-field-text\"\n\t\t\tdata-field-type=\"text\"\n\t\t\tdata-field-id=\"3\"\n\t\t\t>\n\t\t\t<label class=\"wpforms-field-label\" for=\"wpforms-214-field_3\" >og\u0142oszenia Telefon Adres<\/label>\n\t\t\t<input type=\"text\" id=\"wpforms-214-field_3\" class=\"wpforms-field-medium\" name=\"wpforms[fields][3]\" >\n\t\t<\/div>\n\t\t<div id=\"wpforms-214-field_1-container\" class=\"wpforms-field wpforms-field-name\" data-field-id=\"1\"><fieldset><legend class=\"wpforms-field-label\">Imi\u0119 i nazwisko <span class=\"wpforms-required-label\" aria-hidden=\"true\">*<\/span><\/legend><div class=\"wpforms-field-row wpforms-field-medium\"><div class=\"wpforms-field-row-block wpforms-first wpforms-one-half\"><input type=\"text\" id=\"wpforms-214-field_1\" class=\"wpforms-field-name-first wpforms-field-required\" name=\"wpforms[fields][1][first]\" aria-errormessage=\"wpforms-214-field_1-error\" required><label for=\"wpforms-214-field_1\" class=\"wpforms-field-sublabel after\">Pierwszy<\/label><\/div><div class=\"wpforms-field-row-block wpforms-one-half\"><input type=\"text\" id=\"wpforms-214-field_1-last\" class=\"wpforms-field-name-last wpforms-field-required\" name=\"wpforms[fields][1][last]\" aria-errormessage=\"wpforms-214-field_1-last-error\" required><label for=\"wpforms-214-field_1-last\" class=\"wpforms-field-sublabel after\">Ostatni<\/label><\/div><\/div><\/fieldset><\/div><div id=\"wpforms-214-field_2-container\" class=\"wpforms-field wpforms-field-email\" data-field-id=\"2\"><label class=\"wpforms-field-label\" for=\"wpforms-214-field_2\">Adres e-mail <span class=\"wpforms-required-label\" aria-hidden=\"true\">*<\/span><\/label><input type=\"email\" id=\"wpforms-214-field_2\" class=\"wpforms-field-small wpforms-field-required\" name=\"wpforms[fields][2]\" spellcheck=\"false\" aria-errormessage=\"wpforms-214-field_2-error\" required><\/div><div id=\"wpforms-214-field_4-container\" class=\"wpforms-field wpforms-field-number\" data-field-id=\"4\"><label class=\"wpforms-field-label\" for=\"wpforms-214-field_4\">Telefon <span class=\"wpforms-required-label\" aria-hidden=\"true\">*<\/span><\/label><input type=\"number\" id=\"wpforms-214-field_4\" class=\"wpforms-field-small wpforms-field-required\" name=\"wpforms[fields][4]\" step=\"any\" aria-errormessage=\"wpforms-214-field_4-error\" required><\/div><div id=\"wpforms-214-field_5-container\" class=\"wpforms-field wpforms-field-checkbox\" data-field-id=\"5\"><fieldset><legend class=\"wpforms-field-label wpforms-label-hide\" aria-hidden=\"false\">zgoda <span class=\"wpforms-required-label\" aria-hidden=\"true\">*<\/span><\/legend><ul id=\"wpforms-214-field_5\" class=\"wpforms-field-required\"><li class=\"choice-1 depth-1\"><input type=\"checkbox\" id=\"wpforms-214-field_5_1\" name=\"wpforms[fields][5][]\" value=\"Wyra\u017cam zgod\u0119 na przetwarzanie przes\u0142anych danych zgodnie z rozporz\u0105dzeniem RODO. Czytaj wi\u0119cej na: Polityka Prywatno\u015bci\" aria-errormessage=\"wpforms-214-field_5_1-error\" required ><label class=\"wpforms-field-label-inline\" for=\"wpforms-214-field_5_1\">Wyra\u017cam zgod\u0119 na przetwarzanie przes\u0142anych danych zgodnie z rozporz\u0105dzeniem RODO. Czytaj wi\u0119cej na: Polityka Prywatno\u015bci<\/label><\/li><\/ul><\/fieldset><\/div><div id=\"wpforms-214-field_6-container\" class=\"wpforms-field wpforms-field-select wpforms-field-select-style-classic\" data-field-id=\"6\"><label class=\"wpforms-field-label\" for=\"wpforms-214-field_6\">Rodzaj nieruchomo\u015bci<\/label><select id=\"wpforms-214-field_6\" class=\"wpforms-field-medium\" name=\"wpforms[fields][6]\"><option value=\"Mieszkanie\"  selected='selected' class=\"choice-1 depth-1\"  >Mieszkanie<\/option><option value=\"Dom\"  class=\"choice-2 depth-1\"  >Dom<\/option><option value=\"Dzia\u0142ka\"  class=\"choice-3 depth-1\"  >Dzia\u0142ka<\/option><option value=\"lokal\"  class=\"choice-4 depth-1\"  >lokal<\/option><option value=\"obiekt\"  class=\"choice-5 depth-1\"  >obiekt<\/option><\/select><\/div><div id=\"wpforms-214-field_7-container\" class=\"wpforms-field wpforms-field-text\" data-field-id=\"7\"><label class=\"wpforms-field-label\" for=\"wpforms-214-field_7\">Miasto<\/label><input type=\"text\" id=\"wpforms-214-field_7\" class=\"wpforms-field-medium\" name=\"wpforms[fields][7]\" aria-errormessage=\"wpforms-214-field_7-error\" ><\/div><div id=\"wpforms-214-field_9-container\" class=\"wpforms-field wpforms-field-select wpforms-field-select-style-classic\" data-field-id=\"9\"><label class=\"wpforms-field-label\" for=\"wpforms-214-field_9\">Rodzaj og\u0142oszenia<\/label><select id=\"wpforms-214-field_9\" class=\"wpforms-field-medium\" name=\"wpforms[fields][9]\"><option value=\"Wynajem\"  class=\"choice-1 depth-1\"  >Wynajem<\/option><option value=\"Sprzeda\u017c\"  class=\"choice-2 depth-1\"  >Sprzeda\u017c<\/option><\/select><\/div><div id=\"wpforms-214-field_10-container\" class=\"wpforms-field wpforms-field-number\" data-field-id=\"10\"><label class=\"wpforms-field-label\" for=\"wpforms-214-field_10\">Cena\/Czynsz<\/label><input type=\"number\" id=\"wpforms-214-field_10\" class=\"wpforms-field-small\" name=\"wpforms[fields][10]\" step=\"any\" aria-errormessage=\"wpforms-214-field_10-error\" ><\/div><script>\n\t\t\t\t( function() {\n\t\t\t\t\tconst style = document.createElement( 'style' );\n\t\t\t\t\tstyle.appendChild( document.createTextNode( '#wpforms-214-field_3-container { position: absolute !important; overflow: hidden !important; display: inline !important; height: 1px !important; width: 1px !important; z-index: -1000 !important; padding: 0 !important; } #wpforms-214-field_3-container input { visibility: hidden; } #wpforms-conversational-form-page #wpforms-214-field_3-container label { counter-increment: none; }' ) );\n\t\t\t\t\tdocument.head.appendChild( style );\n\t\t\t\t\tdocument.currentScript?.remove();\n\t\t\t\t} )();\n\t\t\t<\/script><\/div><!-- .wpforms-field-container --><div class=\"wpforms-recaptcha-container wpforms-is-recaptcha wpforms-is-recaptcha-type-v2\" ><div class=\"g-recaptcha\" data-sitekey=\"6Lde2X0qAAAAAFfkub-pxbJuFYCgZjJQrBcVdC8c\"><\/div><input type=\"text\" name=\"g-recaptcha-hidden\" class=\"wpforms-recaptcha-hidden\" style=\"position:absolute!important;clip:rect(0,0,0,0)!important;height:1px!important;width:1px!important;border:0!important;overflow:hidden!important;padding:0!important;margin:0!important;\" data-rule-recaptcha=\"1\"><\/div><div class=\"wpforms-submit-container\" ><input type=\"hidden\" name=\"wpforms[id]\" value=\"214\"><input type=\"hidden\" name=\"page_title\" value=\"\"><input type=\"hidden\" name=\"page_url\" value=\"https:\/\/dabrowiecki-nieruchomosci.pl\/index.php?rest_route=\/wp\/v2\/pages\/81\"><input type=\"hidden\" name=\"url_referer\" value=\"\"><button type=\"submit\" name=\"wpforms[submit]\" id=\"wpforms-submit-214\" class=\"wpforms-submit\" data-alt-text=\"Wysy\u0142anie...\" data-submit-text=\"Prze\u015blij\" aria-live=\"assertive\" value=\"wpforms-submit\">Prze\u015blij<\/button><img loading=\"lazy\" decoding=\"async\" src=\"https:\/\/dabrowiecki-nieruchomosci.pl\/wp-content\/plugins\/wpforms-lite\/assets\/images\/submit-spin.svg\" class=\"wpforms-submit-spinner\" style=\"display: none;\" width=\"26\" height=\"26\" alt=\"Wczytywanie\"><\/div><\/form><\/div>  <!-- .wpforms-container -->\n\t<\/div>\n\n<\/div><\/div>\n<\/center><\/div><\/div><\/div><\/div><\/div>","protected":false},"excerpt":{"rendered":"","protected":false},"author":1,"featured_media":0,"parent":0,"menu_order":0,"comment_status":"closed","ping_status":"closed","template":"","meta":{"_monsterinsights_skip_tracking":false,"_monsterinsights_sitenote_active":false,"_monsterinsights_sitenote_note":"","_monsterinsights_sitenote_category":0,"two_page_speed":{"previous_score":{"desktop_score":94,"desktop_tti":"2.8\u00a0","mobile_score":71,"mobile_tti":"18.0\u00a0","date":"31.03.2025 10:24:02 am","status":"completed"}},"footnotes":""},"class_list":["post-81","page","type-page","status-publish","hentry","post"],"aioseo_notices":[],"_links":{"self":[{"href":"https:\/\/dabrowiecki-nieruchomosci.pl\/index.php?rest_route=\/wp\/v2\/pages\/81","targetHints":{"allow":["GET"]}}],"collection":[{"href":"https:\/\/dabrowiecki-nieruchomosci.pl\/index.php?rest_route=\/wp\/v2\/pages"}],"about":[{"href":"https:\/\/dabrowiecki-nieruchomosci.pl\/index.php?rest_route=\/wp\/v2\/types\/page"}],"author":[{"embeddable":true,"href":"https:\/\/dabrowiecki-nieruchomosci.pl\/index.php?rest_route=\/wp\/v2\/users\/1"}],"replies":[{"embeddable":true,"href":"https:\/\/dabrowiecki-nieruchomosci.pl\/index.php?rest_route=%2Fwp%2Fv2%2Fcomments&post=81"}],"version-history":[{"count":7,"href":"https:\/\/dabrowiecki-nieruchomosci.pl\/index.php?rest_route=\/wp\/v2\/pages\/81\/revisions"}],"predecessor-version":[{"id":347,"href":"https:\/\/dabrowiecki-nieruchomosci.pl\/index.php?rest_route=\/wp\/v2\/pages\/81\/revisions\/347"}],"wp:attachment":[{"href":"https:\/\/dabrowiecki-nieruchomosci.pl\/index.php?rest_route=%2Fwp%2Fv2%2Fmedia&parent=81"}],"curies":[{"name":"wp","href":"https:\/\/api.w.org\/{rel}","templated":true}]}}