{"id":68,"date":"2024-11-08T20:27:26","date_gmt":"2024-11-08T20:27:26","guid":{"rendered":"https:\/\/dabrowiecki-nieruchomosci.pl\/?page_id=68"},"modified":"2025-10-10T01:57:05","modified_gmt":"2025-10-10T00:57:05","slug":"opieka-inwestorska","status":"publish","type":"page","link":"https:\/\/dabrowiecki-nieruchomosci.pl\/?page_id=68","title":{"rendered":"Opieka Inwestorska"},"content":{"rendered":"<div id=\"pl-gb68-69e466ba7854d\"  class=\"panel-layout\" ><div id=\"pg-gb68-69e466ba7854d-0\"  class=\"panel-grid panel-no-style\" ><div id=\"pgc-gb68-69e466ba7854d-0-0\"  class=\"panel-grid-cell\" ><div id=\"panel-gb68-69e466ba7854d-0-0-0\" class=\"so-panel widget widget_sow-editor panel-first-child\" data-index=\"0\" ><div\n\t\t\t\n\t\t\tclass=\"so-widget-sow-editor so-widget-sow-editor-base\"\n\t\t\t\n\t\t><h3 class=\"widget-title\">Twoja strategia inwestycyjna krok po kroku \u2013 od pomys\u0142u po dochody pasywne<\/h3>\n<div class=\"siteorigin-widget-tinymce textwidget\">\n\t<p><img loading=\"lazy\" decoding=\"async\" class=\"size-full wp-image-423 aligncenter\" src=\"https:\/\/dabrowiecki-nieruchomosci.pl\/wp-content\/uploads\/2024\/11\/images-4.webp\" alt=\"\" width=\"276\" height=\"183\" \/><\/p>\n<p>W bran\u017cy nieruchomo\u015bci kluczowe znaczenie ma precyzyjne planowanie i bezb\u0142\u0119dna realizacja projekt\u00f3w. W\u0142a\u015bnie dlatego stworzyli\u015bmy us\u0142ug\u0119 <strong>Opieki Inwestorskiej<\/strong>, kt\u00f3ra zapewnia naszym klientom pe\u0142ne wsparcie na ka\u017cdym etapie inwestycji \u2013 od planowania, przez realizacj\u0119, a\u017c po finalizacj\u0119.<\/p>\n<p>Dzi\u0119ki naszemu do\u015bwiadczeniu i znajomo\u015bci rynku nieruchomo\u015bci mo\u017cesz by\u0107 pewny, \u017ce Twoje inwestycje b\u0119d\u0105 prowadzone w spos\u00f3b bezpieczny, efektywny i zgodny z najwy\u017cszymi standardami.<\/p>\n<p>&nbsp;<\/p>\n<\/div>\n<\/div><\/div><div id=\"panel-gb68-69e466ba7854d-0-0-1\" class=\"so-panel widget widget_sow-editor panel-last-child\" data-index=\"1\" ><div\n\t\t\t\n\t\t\tclass=\"so-widget-sow-editor so-widget-sow-editor-base\"\n\t\t\t\n\t\t>\n<div class=\"siteorigin-widget-tinymce textwidget\">\n\t<h3><strong>Co oferujemy w ramach Opieki Inwestorskiej?<img loading=\"lazy\" decoding=\"async\" class=\"wp-image-142 alignright\" src=\"https:\/\/dabrowiecki-nieruchomosci.pl\/wp-content\/uploads\/2024\/11\/360_F_323855278_xcbkh7HSB3QCq197KL9W59vmrdg74HPr-150x150.png\" alt=\"\" width=\"134\" height=\"134\" srcset=\"https:\/\/dabrowiecki-nieruchomosci.pl\/wp-content\/uploads\/2024\/11\/360_F_323855278_xcbkh7HSB3QCq197KL9W59vmrdg74HPr-150x150.png 150w, https:\/\/dabrowiecki-nieruchomosci.pl\/wp-content\/uploads\/2024\/11\/360_F_323855278_xcbkh7HSB3QCq197KL9W59vmrdg74HPr-300x300.png 300w, https:\/\/dabrowiecki-nieruchomosci.pl\/wp-content\/uploads\/2024\/11\/360_F_323855278_xcbkh7HSB3QCq197KL9W59vmrdg74HPr.png 360w\" sizes=\"auto, (max-width: 134px) 100vw, 134px\" \/><\/strong><\/h3>\n<ol>\n<li><strong>Analiza potrzeb i strategii inwestycyjnej:<\/strong><br \/>\nNajpierw poznajemy Twoje potrzeby, oczekiwania. Na tej podstawie przygotujemy optymalny plan inwestycji, kt\u00f3ry zapewni Ci stabilne dochody pasywne.<\/li>\n<li><strong>Wyb\u00f3r nieruchomo\u015bci:<br \/>\n<\/strong>Zajmiemy si\u0119 pe\u0142nym procesem selekcji. Szukamy nieruchomo\u015bci, kt\u00f3ra najlepiej spe\u0142nia Twoje kryteria i oferuje atrakcyjn\u0105 stop\u0119 zwrotu. Organizujemy wizyty na miejscu i omawiamy wszystkie szczeg\u00f3\u0142y, kt\u00f3re mog\u0105 mie\u0107 wp\u0142yw na rentowno\u015b\u0107 inwestycji.<\/li>\n<li><strong>Dok\u0142adna kalkulacja stopy zwrotu:<\/strong><br \/>\nAnalizujemy prognozowane przychody i koszty, aby dok\u0142adnie oceni\u0107 zwrot z inwestycji. Dzi\u0119ki szczeg\u00f3\u0142owej kalkulacji mo\u017cesz mie\u0107 pewno\u015b\u0107, \u017ce inwestycja jest dobrze przemy\u015blana.<\/li>\n<li><strong>Wycena i plan remontu:<br \/>\n<\/strong>Je\u015bli nieruchomo\u015b\u0107 wymaga remontu, zapewniamy kompleksow\u0105 wycen\u0119 oraz plan prac, kt\u00f3re zwi\u0119ksz\u0105 jej warto\u015b\u0107 i atrakcyjno\u015b\u0107 dla najemc\u00f3w. Dostosujemy wn\u0119trza tak, aby maksymalizowa\u0107 Tw\u00f3j zysk.<\/li>\n<li><strong>Wsparcie w uzyskaniu finansowania:<\/strong><br \/>\nPomo\u017cemy Ci uzyska\u0107 kredyt dostosowany do Twojej sytuacji \u2013 zar\u00f3wno z\u0142ot\u00f3wkowy, jak i walutowy (je\u015bli mieszkasz za granic\u0105). Przejmujemy wszystkie formalno\u015bci, aby\u015b m\u00f3g\u0142 skupi\u0107 si\u0119 na swoich planach, a nie na biurokracji.<\/li>\n<li><strong>Kompletowanie dokumentacji:<br \/>\n<\/strong>Zadbamy o zgromadzenie wszystkich niezb\u0119dnych dokument\u00f3w zwi\u0105zanych z zakupem i przygotowaniem nieruchomo\u015bci. Nasze wsparcie pozwoli Ci unikn\u0105\u0107 stresu zwi\u0105zanego z formalno\u015bciami.<strong><br \/>\n<\/strong><\/li>\n<li><strong>Przygotowanie lokalu do wynajmu:<br \/>\n<\/strong>Przeprowadzimy remont i home staging, aby Twoja nieruchomo\u015b\u0107 by\u0142a gotowa na prezentacj\u0119 i przyci\u0105ga\u0142a jak najlepszych najemc\u00f3w. Zorganizujemy tak\u017ce profesjonaln\u0105 sesj\u0119 zdj\u0119ciow\u0105, dzi\u0119ki kt\u00f3rej og\u0142oszenie zyska na atrakcyjno\u015bci.<strong><br \/>\n<\/strong><\/li>\n<li><strong>Pozyskanie odpowiedniego najemcy:<br \/>\n<\/strong>Dbamy o to, aby Twoja nieruchomo\u015b\u0107 by\u0142a wynajmowana przez solidnych najemc\u00f3w. Zajmujemy si\u0119 publikacj\u0105 og\u0142osze\u0144, doborem najemcy aby\u015b mia\u0142 pewno\u015b\u0107, \u017ce nieruchomo\u015b\u0107 jest w dobrych r\u0119kach.<\/li>\n<li><strong>Profesjonalna umowa najmu:<br \/>\n<\/strong>Przygotowujemy umow\u0119 najmu, kt\u00f3ra zabezpiecza Twoje interesy. Wszystko zgodnie z przepisami, aby\u015b mia\u0142 pe\u0142n\u0105 kontrol\u0119 nad wynajmem, a jednocze\u015bnie m\u00f3g\u0142 spa\u0107 spokojnie.<strong><br \/>\n<\/strong><\/li>\n<\/ol>\n<p><img loading=\"lazy\" decoding=\"async\" class=\"wp-image-136 alignright\" src=\"https:\/\/dabrowiecki-nieruchomosci.pl\/wp-content\/uploads\/2024\/11\/AdobeStock_241752991-300x199.jpg\" alt=\"\" width=\"350\" height=\"232\" srcset=\"https:\/\/dabrowiecki-nieruchomosci.pl\/wp-content\/uploads\/2024\/11\/AdobeStock_241752991-300x199.jpg 300w, https:\/\/dabrowiecki-nieruchomosci.pl\/wp-content\/uploads\/2024\/11\/AdobeStock_241752991-1024x678.jpg 1024w, https:\/\/dabrowiecki-nieruchomosci.pl\/wp-content\/uploads\/2024\/11\/AdobeStock_241752991-768x509.jpg 768w, https:\/\/dabrowiecki-nieruchomosci.pl\/wp-content\/uploads\/2024\/11\/AdobeStock_241752991-720x480.jpg 720w, https:\/\/dabrowiecki-nieruchomosci.pl\/wp-content\/uploads\/2024\/11\/AdobeStock_241752991.jpg 1200w\" sizes=\"auto, (max-width: 350px) 100vw, 350px\" \/><\/p>\n<h3><strong>Dla kogo jest nasza us\u0142uga Opieki Inwestorskiej?<\/strong><\/h3>\n<ul>\n<li><strong>Dla inwestor\u00f3w prywatnych:<\/strong> Je\u015bli planujesz zakup mieszkania lub inwestycj\u0119 w nieruchomo\u015b\u0107 na wynajem, pomo\u017cemy Ci na ka\u017cdym kroku.<\/li>\n<\/ul>\n<p>&nbsp;<\/p>\n<h3><strong>Skontaktuj si\u0119 z nami<\/strong><\/h3>\n<p>Je\u015bli szukasz niezawodnego partnera, kt\u00f3ry przeprowadzi Ci\u0119 przez ca\u0142y proces inwestycyjny, jeste\u015bmy tutaj, aby Ci pom\u00f3c.<\/p>\n<p><strong>Opieka Inwestorska<\/strong> to Tw\u00f3j klucz do bezpiecznych i rentownych inwestycji w nieruchomo\u015bci.<br \/>\nZapraszamy do kontaktu \u2013 wsp\u00f3lnie stworzymy rozwi\u0105zania dopasowane do Twoich potrzeb.<\/p>\n<p>\ud83d\udc49 <a title=\"Kontakt\" href=\"https:\/\/dabrowiecki-nieruchomosci.pl\/?page_id=79\"><strong>Skontaktuj si\u0119 z nami<\/strong><\/a> i dowiedz si\u0119 wi\u0119cej!<\/p>\n<\/div>\n<\/div><\/div><\/div><\/div><\/div>","protected":false},"excerpt":{"rendered":"<p>W bran\u017cy nieruchomo\u015bci kluczowe znaczenie ma precyzyjne planowanie i bezb\u0142\u0119dna realizacja projekt\u00f3w. W\u0142a\u015bnie dlatego stworzyli\u015bmy us\u0142ug\u0119 Opieki Inwestorskiej, kt\u00f3ra zapewnia naszym klientom pe\u0142ne wsparcie na ka\u017cdym etapie inwestycji \u2013 od planowania, przez realizacj\u0119, a\u017c po finalizacj\u0119. Dzi\u0119ki naszemu do\u015bwiadczeniu i znajomo\u015bci rynku nieruchomo\u015bci mo\u017cesz by\u0107 pewny, \u017ce Twoje inwestycje b\u0119d\u0105 prowadzone w spos\u00f3b bezpieczny, efektywny [&hellip;]<\/p>\n","protected":false},"author":1,"featured_media":0,"parent":0,"menu_order":0,"comment_status":"closed","ping_status":"closed","template":"","meta":{"_monsterinsights_skip_tracking":false,"_monsterinsights_sitenote_active":false,"_monsterinsights_sitenote_note":"","_monsterinsights_sitenote_category":0,"two_page_speed":{"previous_score":{"desktop_score":94,"desktop_tti":"1.4\u00a0","mobile_score":59,"mobile_tti":"6.7\u00a0","date":"28.11.2024 08:31:59 pm","status":"completed"},"current_score":{"desktop_score":99,"desktop_tti":"0.8\u00a0","mobile_score":96,"mobile_tti":"2.3\u00a0","date":"23.07.2025 09:03:12 am","status":"error_no_score"}},"footnotes":""},"class_list":["post-68","page","type-page","status-publish","hentry","post"],"aioseo_notices":[],"_links":{"self":[{"href":"https:\/\/dabrowiecki-nieruchomosci.pl\/index.php?rest_route=\/wp\/v2\/pages\/68","targetHints":{"allow":["GET"]}}],"collection":[{"href":"https:\/\/dabrowiecki-nieruchomosci.pl\/index.php?rest_route=\/wp\/v2\/pages"}],"about":[{"href":"https:\/\/dabrowiecki-nieruchomosci.pl\/index.php?rest_route=\/wp\/v2\/types\/page"}],"author":[{"embeddable":true,"href":"https:\/\/dabrowiecki-nieruchomosci.pl\/index.php?rest_route=\/wp\/v2\/users\/1"}],"replies":[{"embeddable":true,"href":"https:\/\/dabrowiecki-nieruchomosci.pl\/index.php?rest_route=%2Fwp%2Fv2%2Fcomments&post=68"}],"version-history":[{"count":16,"href":"https:\/\/dabrowiecki-nieruchomosci.pl\/index.php?rest_route=\/wp\/v2\/pages\/68\/revisions"}],"predecessor-version":[{"id":424,"href":"https:\/\/dabrowiecki-nieruchomosci.pl\/index.php?rest_route=\/wp\/v2\/pages\/68\/revisions\/424"}],"wp:attachment":[{"href":"https:\/\/dabrowiecki-nieruchomosci.pl\/index.php?rest_route=%2Fwp%2Fv2%2Fmedia&parent=68"}],"curies":[{"name":"wp","href":"https:\/\/api.w.org\/{rel}","templated":true}]}}