{"id":65,"date":"2024-11-08T20:26:44","date_gmt":"2024-11-08T20:26:44","guid":{"rendered":"https:\/\/dabrowiecki-nieruchomosci.pl\/?page_id=65"},"modified":"2026-04-05T10:14:40","modified_gmt":"2026-04-05T09:14:40","slug":"o-nas","status":"publish","type":"page","link":"https:\/\/dabrowiecki-nieruchomosci.pl\/?page_id=65","title":{"rendered":"O Nas"},"content":{"rendered":"<div id=\"pl-gb65-69e45074238ad\"  class=\"panel-layout\" ><div id=\"pg-gb65-69e45074238ad-0\"  class=\"panel-grid panel-no-style\" ><div id=\"pgc-gb65-69e45074238ad-0-0\"  class=\"panel-grid-cell\" ><div id=\"panel-gb65-69e45074238ad-0-0-0\" class=\"so-panel widget widget_sow-editor panel-first-child panel-last-child\" data-index=\"0\" ><div\n\t\t\t\n\t\t\tclass=\"so-widget-sow-editor so-widget-sow-editor-base\"\n\t\t\t\n\t\t>\n<div class=\"siteorigin-widget-tinymce textwidget\">\n\t<p><\/p>\n<p><strong>Wierzymy, \u017ce ka\u017cda nieruchomo\u015b\u0107 ma potencja\u0142 \u2013 my pomagamy go odkry\u0107<\/strong>!<img loading=\"lazy\" decoding=\"async\" class=\"wp-image-414 alignright\" src=\"https:\/\/dabrowiecki-nieruchomosci.pl\/wp-content\/uploads\/2024\/11\/Leasing-nieruchomosci-komercyjnych-dla-firm-zwrotny-leasing-na-nieruchomosc.webp\" alt=\"\" width=\"451\" height=\"170\" srcset=\"https:\/\/dabrowiecki-nieruchomosci.pl\/wp-content\/uploads\/2024\/11\/Leasing-nieruchomosci-komercyjnych-dla-firm-zwrotny-leasing-na-nieruchomosc.webp 1024w, https:\/\/dabrowiecki-nieruchomosci.pl\/wp-content\/uploads\/2024\/11\/Leasing-nieruchomosci-komercyjnych-dla-firm-zwrotny-leasing-na-nieruchomosc-300x113.webp 300w, https:\/\/dabrowiecki-nieruchomosci.pl\/wp-content\/uploads\/2024\/11\/Leasing-nieruchomosci-komercyjnych-dla-firm-zwrotny-leasing-na-nieruchomosc-768x290.webp 768w, https:\/\/dabrowiecki-nieruchomosci.pl\/wp-content\/uploads\/2024\/11\/Leasing-nieruchomosci-komercyjnych-dla-firm-zwrotny-leasing-na-nieruchomosc-600x226.webp 600w\" sizes=\"auto, (max-width: 451px) 100vw, 451px\" \/><\/p>\n<p> <\/p>\n<p>Jeste\u015bmy nowoczesn\u0105 agencj\u0105 nieruchomo\u015bci, kt\u00f3ra z pasj\u0105 i zaanga\u017cowaniem wspiera klient\u00f3w w realizacji ich cel\u00f3w zwi\u0105zanych z nieruchomo\u015bciami. Nasz\u0105 misj\u0105 jest nie tylko po\u015brednictwo w kupnie, sprzeda\u017cy i wynajmie, ale r\u00f3wnie\u017c kompleksowa opieka inwestorska i zarz\u0105dzanie najmem. Dzia\u0142amy tak, aby nasi klienci mogli czerpa\u0107 zyski z nieruchomo\u015bci bez stresu i trudno\u015bci.<\/p>\n<p> <\/p>\n<p><\/p>\n<p><strong>Profesjonalizm, zaufanie i indywidualne podej\u015bcie<\/strong>\u00a0to warto\u015bci, kt\u00f3re stoj\u0105 u podstaw naszych dzia\u0142a\u0144. Wiemy, \u017ce ka\u017cdy klient ma inne potrzeby \u2013 dlatego ka\u017cde zlecenie traktujemy wyj\u0105tkowo. Starannie analizujemy sytuacj\u0119, s\u0142uchamy oczekiwa\u0144 i dostosowujemy nasze us\u0142ugi tak, aby ka\u017cdy m\u00f3g\u0142 osi\u0105gn\u0105\u0107 swoje cele na rynku nieruchomo\u015bci.<\/p>\n<p><\/p>\n<p> <\/p>\n<p><\/p>\n<p><strong>Dlaczego warto nam zaufa\u0107?<\/strong><\/p>\n<p><\/p>\n<p> <\/p>\n<p><\/p>\n<p>W D\u0105browiecki Nieruchomo\u015bci \u0142\u0105czymy wieloletnie do\u015bwiadczenie na rynku nieruchomo\u015bci z nowoczesnym podej\u015bciem i g\u0142\u0119bok\u0105 znajomo\u015bci\u0105 lokalnego rynku. Nasz zesp\u00f3\u0142 to specjali\u015bci, kt\u00f3rzy ka\u017cdego dnia dbaj\u0105 o interesy klient\u00f3w i wspieraj\u0105 ich na ka\u017cdym etapie transakcji lub zarz\u0105dzania nieruchomo\u015bci\u0105. Dzi\u0119ki naszym us\u0142ugom klienci oszcz\u0119dzaj\u0105 czas, unikaj\u0105 stresu i zyskuj\u0105 pewno\u015b\u0107, \u017ce ich inwestycja jest w najlepszych r\u0119kach.<\/p>\n<p><\/p>\n<p> <\/p>\n<p><\/p>\n<p>Niezale\u017cnie od tego, czy poszukujesz swojego miejsca na ziemi, planujesz zainwestowa\u0107 w nieruchomo\u015bci, czy szukasz kogo\u015b, kto kompleksowo zajmie si\u0119 wynajmem \u2013 jeste\u015bmy tutaj, aby pom\u00f3c. Dzi\u0119ki nam mo\u017cesz skupi\u0107 si\u0119 na tym, co dla Ciebie najwa\u017cniejsze, a my zajmiemy si\u0119 reszt\u0105.<\/p>\n<p><\/p>\n<p> <\/p>\n<p><strong>Nasza misja:<\/strong><\/p>\n<p> <\/p>\n<p><\/p>\n<p>D\u0105\u017cymy do tego, aby ka\u017cdy klient poczu\u0142, \u017ce jego cele zwi\u0105zane z nieruchomo\u015bciami s\u0105 dla nas priorytetem. Budujemy trwa\u0142e relacje oparte na zaufaniu i transparentno\u015bci, bo wierzymy, \u017ce tylko tak mo\u017cna osi\u0105gn\u0105\u0107 d\u0142ugofalowy sukces.<\/p>\n<p><\/p>\n<p> <\/p>\n<p><strong>Nasze warto\u015bci:<\/strong><\/p>\n<p> <\/p>\n<ul class=\"wp-block-list\">\n<li style=\"list-style-type: none;\">\n<ul class=\"wp-block-list\"><\/p>\n<li><strong>Zaanga\u017cowanie:<\/strong> Ka\u017cdy projekt realizujemy z pe\u0142nym oddaniem, tak jakby\u015bmy dzia\u0142ali na w\u0142asny rachunek.<\/li>\n<\/ul>\n<\/li>\n<\/ul>\n<p> <\/p>\n<ul class=\"wp-block-list\">\n<li style=\"list-style-type: none;\">\n<ul class=\"wp-block-list\">\n<li><strong>Profesjonalizm:<\/strong>\u00a0Stawiamy na najwy\u017cszy standard obs\u0142ugi \u2013 nasi klienci mog\u0105 liczy\u0107 na wsparcie, wiedz\u0119 i do\u015bwiadczenie.<\/li>\n<\/ul>\n<\/li>\n<\/ul>\n<p> <\/p>\n<ul class=\"wp-block-list\">\n<li style=\"list-style-type: none;\">\n<ul class=\"wp-block-list\">\n<li><strong>Elastyczno\u015b\u0107:<\/strong>\u00a0Rozumiemy, \u017ce potrzeby klient\u00f3w s\u0105 r\u00f3\u017cne, dlatego oferujemy indywidualne rozwi\u0105zania dostosowane do oczekiwa\u0144.<\/li>\n<\/ul>\n<\/li>\n<\/ul>\n<p> <\/p>\n<ul class=\"wp-block-list\">\n<li style=\"list-style-type: none;\">\n<ul class=\"wp-block-list\">\n<li><strong>Transparentno\u015b\u0107:<\/strong> Ka\u017cdy etap wsp\u00f3\u0142pracy jest jasny i przejrzysty, aby\u015b zawsze mia\u0142 pe\u0142en wgl\u0105d w to, co si\u0119 dzieje.<\/li>\n<\/ul>\n<\/li>\n<\/ul>\n<p><\/p>\n<p> <\/p>\n<p><img loading=\"lazy\" decoding=\"async\" class=\"wp-image-421  alignright\" src=\"https:\/\/dabrowiecki-nieruchomosci.pl\/wp-content\/uploads\/2024\/11\/images-3-png.webp\" alt=\"\" width=\"146\" height=\"157\" \/>Wybieraj\u0105c D\u0105browiecki Nieruchomo\u015bci, zyskujesz nie tylko partnera, kt\u00f3ry zadba o Twoj\u0105 nieruchomo\u015b\u0107, ale tak\u017ce zesp\u00f3\u0142,<\/p>\n<p>kt\u00f3ry stanie po Twojej stronie na ka\u017cdym etapie wsp\u00f3\u0142pracy.<\/p>\n<p> <\/p>\n<p><strong>Zapraszamy do kontaktu \u2013 odkryjmy razem pe\u0142en potencja\u0142 Twojej nieruchomo\u015bci!<\/strong><\/p>\n<p><\/p>\n<\/div>\n<\/div><\/div><\/div><\/div><\/div>\n\n\n<p><\/p>\n","protected":false},"excerpt":{"rendered":"<p>Wierzymy, \u017ce ka\u017cda nieruchomo\u015b\u0107 ma potencja\u0142 \u2013 my pomagamy go odkry\u0107! Jeste\u015bmy nowoczesn\u0105 agencj\u0105 nieruchomo\u015bci, kt\u00f3ra z pasj\u0105 i zaanga\u017cowaniem wspiera klient\u00f3w w realizacji ich cel\u00f3w zwi\u0105zanych z nieruchomo\u015bciami. Nasz\u0105 misj\u0105 jest nie tylko po\u015brednictwo w kupnie, sprzeda\u017cy i wynajmie, ale r\u00f3wnie\u017c kompleksowa opieka inwestorska i zarz\u0105dzanie najmem. Dzia\u0142amy tak, aby nasi klienci mogli czerpa\u0107 [&hellip;]<\/p>\n","protected":false},"author":1,"featured_media":0,"parent":0,"menu_order":0,"comment_status":"closed","ping_status":"closed","template":"","meta":{"_monsterinsights_skip_tracking":false,"_monsterinsights_sitenote_active":false,"_monsterinsights_sitenote_note":"","_monsterinsights_sitenote_category":0,"two_page_speed":{"previous_score":{"desktop_score":94,"desktop_tti":"1.2\u00a0","mobile_score":72,"mobile_tti":"5.5\u00a0","date":"23.11.2024 05:40:18 pm","status":"completed"},"current_score":{"desktop_score":99,"desktop_tti":"0.6\u00a0","mobile_score":93,"mobile_tti":"2.6\u00a0","date":"05.04.2026 10:15:12 am","status":"completed"}},"footnotes":""},"class_list":["post-65","page","type-page","status-publish","hentry","post"],"aioseo_notices":[],"_links":{"self":[{"href":"https:\/\/dabrowiecki-nieruchomosci.pl\/index.php?rest_route=\/wp\/v2\/pages\/65","targetHints":{"allow":["GET"]}}],"collection":[{"href":"https:\/\/dabrowiecki-nieruchomosci.pl\/index.php?rest_route=\/wp\/v2\/pages"}],"about":[{"href":"https:\/\/dabrowiecki-nieruchomosci.pl\/index.php?rest_route=\/wp\/v2\/types\/page"}],"author":[{"embeddable":true,"href":"https:\/\/dabrowiecki-nieruchomosci.pl\/index.php?rest_route=\/wp\/v2\/users\/1"}],"replies":[{"embeddable":true,"href":"https:\/\/dabrowiecki-nieruchomosci.pl\/index.php?rest_route=%2Fwp%2Fv2%2Fcomments&post=65"}],"version-history":[{"count":22,"href":"https:\/\/dabrowiecki-nieruchomosci.pl\/index.php?rest_route=\/wp\/v2\/pages\/65\/revisions"}],"predecessor-version":[{"id":422,"href":"https:\/\/dabrowiecki-nieruchomosci.pl\/index.php?rest_route=\/wp\/v2\/pages\/65\/revisions\/422"}],"wp:attachment":[{"href":"https:\/\/dabrowiecki-nieruchomosci.pl\/index.php?rest_route=%2Fwp%2Fv2%2Fmedia&parent=65"}],"curies":[{"name":"wp","href":"https:\/\/api.w.org\/{rel}","templated":true}]}}